{"id":3103,"date":"2022-01-07T14:52:35","date_gmt":"2022-01-07T13:52:35","guid":{"rendered":"http:\/\/aliotel2.adiane.eu\/chambre-cafeteria-cazeres-sur-l-adour-rgpd\/"},"modified":"2022-03-24T14:13:24","modified_gmt":"2022-03-24T13:13:24","slug":"room-cafeteria-cazeres-sur-l-adour-rgpd","status":"publish","type":"page","link":"https:\/\/hotel-restaurant-aliotel.com\/en\/room-cafeteria-cazeres-sur-l-adour-rgpd\/","title":{"rendered":"Protection des donn\u00e9es personnelles et cookies"},"content":{"rendered":"<p><div class=\"fusion-fullwidth fullwidth-box fusion-builder-row-1 fusion-flex-container fusion-parallax-none nonhundred-percent-fullwidth non-hundred-percent-height-scrolling lazyload\" style=\"--awb-background-position:center top;--awb-border-radius-top-left:0px;--awb-border-radius-top-right:0px;--awb-border-radius-bottom-right:0px;--awb-border-radius-bottom-left:0px;--awb-background-size:cover;--awb-flex-wrap:wrap;\" data-bg=\"https:\/\/hotel-restaurant-aliotel.com\/wp-content\/uploads\/2022\/01\/fond2.jpg\" ><div class=\"fusion-builder-row fusion-row fusion-flex-align-items-center fusion-flex-justify-content-center fusion-flex-content-wrap\" style=\"max-width:1310.4px;margin-left: calc(-4% \/ 2 );margin-right: calc(-4% \/ 2 );\"><div class=\"fusion-layout-column fusion_builder_column fusion-builder-column-0 fusion_builder_column_4_5 4_5 fusion-flex-column\" style=\"--awb-padding-right:100px;--awb-padding-left:50px;--awb-padding-right-medium:50px;--awb-padding-left-medium:50px;--awb-padding-right-small:50px;--awb-padding-left-small:50px;--awb-bg-size:cover;--awb-width-large:80%;--awb-margin-top-large:0px;--awb-spacing-right-large:2.4%;--awb-margin-bottom-large:20px;--awb-spacing-left-large:2.4%;--awb-width-medium:100%;--awb-order-medium:0;--awb-spacing-right-medium:1.92%;--awb-spacing-left-medium:1.92%;--awb-width-small:100%;--awb-order-small:0;--awb-spacing-right-small:1.92%;--awb-spacing-left-small:1.92%;\"><div class=\"fusion-column-wrapper fusion-column-has-shadow fusion-flex-justify-content-flex-start fusion-content-layout-column\"><div class=\"fusion-separator fusion-full-width-sep\" style=\"align-self: center;margin-left: auto;margin-right: auto;margin-top:5%;width:100%;\"><\/div><div class=\"fusion-title title fusion-title-1 fusion-sep-none fusion-title-center fusion-title-text fusion-title-size-one\" style=\"--awb-margin-top:0px;--awb-margin-bottom:10px;\"><h1 class=\"fusion-title-heading title-heading-center\" style=\"margin:0;text-transform:uppercase;\">ALIOTEL<\/h1><\/div><div class=\"fusion-title title fusion-title-2 fusion-sep-none fusion-title-center fusion-title-text fusion-title-size-two\" style=\"--awb-margin-top:0px;--awb-margin-bottom:0px;\"><h2 class=\"fusion-title-heading title-heading-center\" style=\"margin:0;text-transform:uppercase;\">Personal data protection and cookies<\/h2><\/div><div class=\"fusion-separator fusion-full-width-sep\" style=\"align-self: center;margin-left: auto;margin-right: auto;margin-top:5%;width:100%;\"><\/div><\/div><\/div><\/div><\/div><div class=\"fusion-fullwidth fullwidth-box fusion-builder-row-2 fusion-flex-container nonhundred-percent-fullwidth non-hundred-percent-height-scrolling\" style=\"--awb-background-position:center top;--awb-border-radius-top-left:0px;--awb-border-radius-top-right:0px;--awb-border-radius-bottom-right:0px;--awb-border-radius-bottom-left:0px;--awb-flex-wrap:wrap;\" ><div class=\"fusion-builder-row fusion-row fusion-flex-align-items-center fusion-flex-justify-content-center fusion-flex-content-wrap\" style=\"max-width:1310.4px;margin-left: calc(-4% \/ 2 );margin-right: calc(-4% \/ 2 );\"><div class=\"fusion-layout-column fusion_builder_column fusion-builder-column-1 fusion_builder_column_4_5 4_5 fusion-flex-column fusion-flex-align-self-flex-start\" style=\"--awb-bg-color:#ffffff;--awb-bg-color-hover:#ffffff;--awb-bg-size:cover;--awb-width-large:80%;--awb-margin-top-large:0px;--awb-spacing-right-large:2.4%;--awb-margin-bottom-large:20px;--awb-spacing-left-large:2.4%;--awb-width-medium:80%;--awb-order-medium:0;--awb-spacing-right-medium:2.4%;--awb-spacing-left-medium:2.4%;--awb-width-small:100%;--awb-order-small:0;--awb-spacing-right-small:1.92%;--awb-spacing-left-small:1.92%;\"><div class=\"fusion-column-wrapper fusion-column-has-shadow fusion-flex-justify-content-flex-start fusion-content-layout-column\"><div class=\"fusion-text fusion-text-1\" style=\"--awb-text-transform:none;--awb-text-color:#000000;\"><p><strong>SARL Compagnie Ali\u00e9nor H\u00f4tel<\/strong> has agreed to ensure that the collection and processing of your data from the hotel-restaurant-aliotel.com website complies with the French General Data Protection Regulation (GDPR) and the French Data Protection Act.<\/p>\n<h3>Who will receive your data?<\/h3>\n<p>SARL Compagnie Ali\u00e9nor H\u00f4tel &#8211; 485, route de Bordeaux &#8211; 40270 CAZ\u00c8RES-SUR-L&#8217;ADOUR &#8211; FRANCE is responsible for processing personal data for the hotel-restaurant-aliotel.com website.<br \/>\nThe personal data collected is for internal use only and is not intended to be shared with third parties except as provided for by law and regulations.<\/p>\n<h3>What is your data used for?<\/h3>\n<p>The purpose of personal data processing done by hotel-restaurant-aliotel.com is the following:<\/p>\n<ul>\n<li>Releasing information;<\/li>\n<li>Providing ways for users to interact with it;<\/li>\n<li>Ensuring that the website works correctly and improve browsing for you.<\/li>\n<\/ul>\n<h3>How is your data collected?<\/h3>\n<p>Your data may first be collected on forms. Each form limits personal data collection to what is strictly necessary (minimising data) and states in particular:<\/p>\n<ul>\n<li>The objectives of this data collection (purposes);<\/li>\n<li>Whether this data is compulsory or optional to manage your request;<\/li>\n<li>Who can see it (only hotel-restaurant-aliotel.com, unless specified otherwise in the form);<\/li>\n<li>How to exercise your data protection rights for the data collected.<\/li>\n<\/ul>\n<p>Your data may also be collected through applications on the hotel-restaurant-aliotel.com website, especially technical data related to your browsing (e.g. IP address, login data).<\/p>\n<h3>How long is your data kept?<\/h3>\n<p>In general, your data is kept by SARL Compagnie Ali\u00e9nor H\u00f4tel for 5 years, except for:<\/p>\n<ul>\n<li>Your choice of cookies, which is kept for 6 months;<\/li>\n<li>Data collected through cookies, which is kept for 25 months.<\/li>\n<\/ul>\n<h3>About cookies<\/h3>\n<p>When you visit the hotel-restaurant-aliotel.com website, three types of cookies are placed on your computer, your mobile phone or your tablet. A &#8220;cookie&#8221; is a piece of information, usually small and identified by a name, which may be sent to your browser by a website you are visiting. Your web browser will store it for a period of time, and send it back to the web server each time you log on again.<\/p>\n<p><strong>Technical cookies strictly necessary for the website to work<\/strong><\/p>\n<p>The hotel-restaurant-aliotel.com website uses cookies to enable the website to work. They cannot be disabled unless you refuse all cookies in your browser settings. However, your experience using the website may be negatively impacted.<\/p>\n<p><strong>Audience Measurement Cookies<\/strong><\/p>\n<p>Our website uses audience measurement cookies. Some of these cookies are strictly necessary for the website to work and its day-to-day administration. You may nevertheless oppose their use.<br \/>\nOur website also uses audience measurement cookies that go beyond these purposes and allow us to improve a user\u2019s browsing on our website. As these cookies are not strictly necessary, they are subject to your consent, which you are asked to give or refuse when you first visit hotel-restaurant-aliotel.com. You can change your choice at any time by clicking on \u201cCookie Options\u201d on the bottom right of the screen.<\/p>\n<h3>What are your rights concerning your data and how can you exercise them?<\/h3>\n<p>You have the following rights concerning the use of your personal data:<\/p>\n<ul>\n<li>Obtain confirmation as to whether or not data concerning you is being processed and, when it is, obtain access to said data and information about its processing;<\/li>\n<li>Have inaccurate data corrected;<\/li>\n<li>In some specific cases, obtain the deletion of some of your data;<\/li>\n<li>In some specific cases, obtain a restriction on the processing we carry out;<\/li>\n<li>You object to the processing of your data for reasons concerning your particular situation or, regardless of your particular situation, you object to the use of your data for marketing purposes;<\/li>\n<li>Withdraw your consent at any time in the future, if it was the legal basis for processing your data;<\/li>\n<li>Receive the date you have provided and\/or request that it be transferred to another processing manager;<\/li>\n<li>If you live in France, define what the fate of your data will be after your death.<\/li>\n<\/ul>\n<p>If you wish to exercise your rights or obtain information about the processing of personal data managed by SARL Compagnie Ali\u00e9nor H\u00f4tel, you may contact the Data Protection Officer (\u201cDPO\u201d) by mail at the following address:<\/p>\n<p>SARL Compagnie Ali\u00e9nor H\u00f4tel<br \/>\nAttention: Data Protection Officer<br \/>\n485, route de Bordeaux<br \/>\n40270 CAZ\u00c8RES-SUR-L&#8217;ADOUR &#8211; FRANCE<\/p>\n<p>Please attach any document proving your identity and the valid reason for your request with your claim.<\/p>\n<p>In the event of unresolved difficulties in connection with the use of your personal data, you may refer the matter to the CNIL (French National Commission for Information Technology and Civil Liberties).<\/p>\n<\/div><p id=\"matomo_opted_out_intro\" style=\"display:none;\">Opt-out complete; your visits to this website will not be recorded by the Web Analytics tool. Note that if you clear your cookies, delete the opt-out cookie, or if you change computers or Web browsers, you will need to perform the opt-out procedure again.<\/p><p id=\"matomo_opted_in_intro\" >You may choose to prevent this website from aggregating and analyzing the actions you take here. Doing so will protect your privacy, but will also prevent the owner from learning from your actions and creating a better experience for you and other users.<\/p><form>\n        <input type=\"checkbox\" id=\"matomo_optout_checkbox\" checked=\"checked\"\/>\n        <label for=\"matomo_optout_checkbox\"><strong>\n        <span id=\"matomo_opted_in_label\" >You are not opted out. Uncheck this box to opt-out.<\/span>\n\t\t<span id=\"matomo_opted_out_label\" style=\"display:none;\">You are currently opted out. Check this box to opt-in.<\/span>\n        <\/strong><\/label><\/form><noscript><p><strong style=\"color: #ff0000;\">This opt out feature requires JavaScript.<\/strong><\/p><\/noscript><p id=\"matomo_outout_err_cookies\" style=\"display: none;\"><strong>The tracking opt-out feature requires cookies to be enabled.<\/strong><\/p><\/div><\/div><\/div><\/div><\/p>\n","protected":false},"excerpt":{"rendered":"","protected":false},"author":1,"featured_media":0,"parent":0,"menu_order":0,"comment_status":"closed","ping_status":"closed","template":"100-width.php","meta":{"footnotes":""},"class_list":["post-3103","page","type-page","status-publish","hentry"],"yoast_head":"<!-- This site is optimized with the Yoast SEO plugin v26.6 - https:\/\/yoast.com\/wordpress\/plugins\/seo\/ -->\n<title>HOTEL**-CAFETERIA ALIOTEL AT CAZ\u00c8RES-AIRE-SUR-L\u2019ADOUR (LANDES) : RGPD<\/title>\n<meta name=\"description\" content=\"RGPD du site www.hotel-restaurant-aliotel.com : h\u00f4tel** et restauration \u00e0 l\u2019entr\u00e9e d\u2019Aire sur l\u2019Adour, avec piscine, parking gratuit, tennis, p\u00e9tanque, billard.\" \/>\n<meta name=\"robots\" content=\"index, follow, max-snippet:-1, max-image-preview:large, max-video-preview:-1\" \/>\n<link rel=\"canonical\" href=\"https:\/\/hotel-restaurant-aliotel.com\/en\/room-cafeteria-cazeres-sur-l-adour-rgpd\/\" \/>\n<meta property=\"og:locale\" content=\"en_US\" \/>\n<meta property=\"og:type\" content=\"article\" \/>\n<meta property=\"og:title\" content=\"HOTEL**-CAFETERIA ALIOTEL AT CAZ\u00c8RES-AIRE-SUR-L\u2019ADOUR (LANDES) : RGPD\" \/>\n<meta property=\"og:description\" content=\"RGPD du site www.hotel-restaurant-aliotel.com : h\u00f4tel** et restauration \u00e0 l\u2019entr\u00e9e d\u2019Aire sur l\u2019Adour, avec piscine, parking gratuit, tennis, p\u00e9tanque, billard.\" \/>\n<meta property=\"og:url\" content=\"https:\/\/hotel-restaurant-aliotel.com\/en\/room-cafeteria-cazeres-sur-l-adour-rgpd\/\" \/>\n<meta property=\"og:site_name\" content=\"Aliotel\" \/>\n<meta property=\"article:publisher\" content=\"https:\/\/www.facebook.com\/aliotel.hotel.aire.sur.adour\/\" \/>\n<meta property=\"article:modified_time\" content=\"2022-03-24T13:13:24+00:00\" \/>\n<meta name=\"twitter:card\" content=\"summary_large_image\" \/>\n<meta name=\"twitter:label1\" content=\"Est. reading time\" \/>\n\t<meta name=\"twitter:data1\" content=\"13 minutes\" \/>\n<script type=\"application\/ld+json\" class=\"yoast-schema-graph\">{\"@context\":\"https:\/\/schema.org\",\"@graph\":[{\"@type\":\"WebPage\",\"@id\":\"https:\/\/hotel-restaurant-aliotel.com\/en\/room-cafeteria-cazeres-sur-l-adour-rgpd\/\",\"url\":\"https:\/\/hotel-restaurant-aliotel.com\/en\/room-cafeteria-cazeres-sur-l-adour-rgpd\/\",\"name\":\"HOTEL**-CAFETERIA ALIOTEL AT CAZ\u00c8RES-AIRE-SUR-L\u2019ADOUR (LANDES) : RGPD\",\"isPartOf\":{\"@id\":\"https:\/\/hotel-restaurant-aliotel.com\/en\/#website\"},\"datePublished\":\"2022-01-07T13:52:35+00:00\",\"dateModified\":\"2022-03-24T13:13:24+00:00\",\"description\":\"RGPD du site www.hotel-restaurant-aliotel.com : h\u00f4tel** et restauration \u00e0 l\u2019entr\u00e9e d\u2019Aire sur l\u2019Adour, avec piscine, parking gratuit, tennis, p\u00e9tanque, billard.\",\"breadcrumb\":{\"@id\":\"https:\/\/hotel-restaurant-aliotel.com\/en\/room-cafeteria-cazeres-sur-l-adour-rgpd\/#breadcrumb\"},\"inLanguage\":\"en-US\",\"potentialAction\":[{\"@type\":\"ReadAction\",\"target\":[\"https:\/\/hotel-restaurant-aliotel.com\/en\/room-cafeteria-cazeres-sur-l-adour-rgpd\/\"]}]},{\"@type\":\"BreadcrumbList\",\"@id\":\"https:\/\/hotel-restaurant-aliotel.com\/en\/room-cafeteria-cazeres-sur-l-adour-rgpd\/#breadcrumb\",\"itemListElement\":[{\"@type\":\"ListItem\",\"position\":1,\"name\":\"Accueil\",\"item\":\"https:\/\/hotel-restaurant-aliotel.com\/en\/\"},{\"@type\":\"ListItem\",\"position\":2,\"name\":\"Protection des donn\u00e9es personnelles et cookies\"}]},{\"@type\":\"WebSite\",\"@id\":\"https:\/\/hotel-restaurant-aliotel.com\/en\/#website\",\"url\":\"https:\/\/hotel-restaurant-aliotel.com\/en\/\",\"name\":\"Aliotel\",\"description\":\"H\u00f4tel - Restaurant\",\"publisher\":{\"@id\":\"https:\/\/hotel-restaurant-aliotel.com\/en\/#organization\"},\"potentialAction\":[{\"@type\":\"SearchAction\",\"target\":{\"@type\":\"EntryPoint\",\"urlTemplate\":\"https:\/\/hotel-restaurant-aliotel.com\/en\/?s={search_term_string}\"},\"query-input\":{\"@type\":\"PropertyValueSpecification\",\"valueRequired\":true,\"valueName\":\"search_term_string\"}}],\"inLanguage\":\"en-US\"},{\"@type\":\"Organization\",\"@id\":\"https:\/\/hotel-restaurant-aliotel.com\/en\/#organization\",\"name\":\"Aliotel H\u00f4tel \/ Restaurant\",\"url\":\"https:\/\/hotel-restaurant-aliotel.com\/en\/\",\"logo\":{\"@type\":\"ImageObject\",\"inLanguage\":\"en-US\",\"@id\":\"https:\/\/hotel-restaurant-aliotel.com\/en\/#\/schema\/logo\/image\/\",\"url\":\"https:\/\/hotel-restaurant-aliotel.com\/wp-content\/uploads\/2022\/01\/aliotel_logo.png\",\"contentUrl\":\"https:\/\/hotel-restaurant-aliotel.com\/wp-content\/uploads\/2022\/01\/aliotel_logo.png\",\"width\":250,\"height\":80,\"caption\":\"Aliotel H\u00f4tel \/ Restaurant\"},\"image\":{\"@id\":\"https:\/\/hotel-restaurant-aliotel.com\/en\/#\/schema\/logo\/image\/\"},\"sameAs\":[\"https:\/\/www.facebook.com\/aliotel.hotel.aire.sur.adour\/\"]}]}<\/script>\n<!-- \/ Yoast SEO plugin. -->","yoast_head_json":{"title":"HOTEL**-CAFETERIA ALIOTEL AT CAZ\u00c8RES-AIRE-SUR-L\u2019ADOUR (LANDES) : RGPD","description":"RGPD du site www.hotel-restaurant-aliotel.com : h\u00f4tel** et restauration \u00e0 l\u2019entr\u00e9e d\u2019Aire sur l\u2019Adour, avec piscine, parking gratuit, tennis, p\u00e9tanque, billard.","robots":{"index":"index","follow":"follow","max-snippet":"max-snippet:-1","max-image-preview":"max-image-preview:large","max-video-preview":"max-video-preview:-1"},"canonical":"https:\/\/hotel-restaurant-aliotel.com\/en\/room-cafeteria-cazeres-sur-l-adour-rgpd\/","og_locale":"en_US","og_type":"article","og_title":"HOTEL**-CAFETERIA ALIOTEL AT CAZ\u00c8RES-AIRE-SUR-L\u2019ADOUR (LANDES) : RGPD","og_description":"RGPD du site www.hotel-restaurant-aliotel.com : h\u00f4tel** et restauration \u00e0 l\u2019entr\u00e9e d\u2019Aire sur l\u2019Adour, avec piscine, parking gratuit, tennis, p\u00e9tanque, billard.","og_url":"https:\/\/hotel-restaurant-aliotel.com\/en\/room-cafeteria-cazeres-sur-l-adour-rgpd\/","og_site_name":"Aliotel","article_publisher":"https:\/\/www.facebook.com\/aliotel.hotel.aire.sur.adour\/","article_modified_time":"2022-03-24T13:13:24+00:00","twitter_card":"summary_large_image","twitter_misc":{"Est. reading time":"13 minutes"},"schema":{"@context":"https:\/\/schema.org","@graph":[{"@type":"WebPage","@id":"https:\/\/hotel-restaurant-aliotel.com\/en\/room-cafeteria-cazeres-sur-l-adour-rgpd\/","url":"https:\/\/hotel-restaurant-aliotel.com\/en\/room-cafeteria-cazeres-sur-l-adour-rgpd\/","name":"HOTEL**-CAFETERIA ALIOTEL AT CAZ\u00c8RES-AIRE-SUR-L\u2019ADOUR (LANDES) : RGPD","isPartOf":{"@id":"https:\/\/hotel-restaurant-aliotel.com\/en\/#website"},"datePublished":"2022-01-07T13:52:35+00:00","dateModified":"2022-03-24T13:13:24+00:00","description":"RGPD du site www.hotel-restaurant-aliotel.com : h\u00f4tel** et restauration \u00e0 l\u2019entr\u00e9e d\u2019Aire sur l\u2019Adour, avec piscine, parking gratuit, tennis, p\u00e9tanque, billard.","breadcrumb":{"@id":"https:\/\/hotel-restaurant-aliotel.com\/en\/room-cafeteria-cazeres-sur-l-adour-rgpd\/#breadcrumb"},"inLanguage":"en-US","potentialAction":[{"@type":"ReadAction","target":["https:\/\/hotel-restaurant-aliotel.com\/en\/room-cafeteria-cazeres-sur-l-adour-rgpd\/"]}]},{"@type":"BreadcrumbList","@id":"https:\/\/hotel-restaurant-aliotel.com\/en\/room-cafeteria-cazeres-sur-l-adour-rgpd\/#breadcrumb","itemListElement":[{"@type":"ListItem","position":1,"name":"Accueil","item":"https:\/\/hotel-restaurant-aliotel.com\/en\/"},{"@type":"ListItem","position":2,"name":"Protection des donn\u00e9es personnelles et cookies"}]},{"@type":"WebSite","@id":"https:\/\/hotel-restaurant-aliotel.com\/en\/#website","url":"https:\/\/hotel-restaurant-aliotel.com\/en\/","name":"Aliotel","description":"H\u00f4tel - Restaurant","publisher":{"@id":"https:\/\/hotel-restaurant-aliotel.com\/en\/#organization"},"potentialAction":[{"@type":"SearchAction","target":{"@type":"EntryPoint","urlTemplate":"https:\/\/hotel-restaurant-aliotel.com\/en\/?s={search_term_string}"},"query-input":{"@type":"PropertyValueSpecification","valueRequired":true,"valueName":"search_term_string"}}],"inLanguage":"en-US"},{"@type":"Organization","@id":"https:\/\/hotel-restaurant-aliotel.com\/en\/#organization","name":"Aliotel H\u00f4tel \/ Restaurant","url":"https:\/\/hotel-restaurant-aliotel.com\/en\/","logo":{"@type":"ImageObject","inLanguage":"en-US","@id":"https:\/\/hotel-restaurant-aliotel.com\/en\/#\/schema\/logo\/image\/","url":"https:\/\/hotel-restaurant-aliotel.com\/wp-content\/uploads\/2022\/01\/aliotel_logo.png","contentUrl":"https:\/\/hotel-restaurant-aliotel.com\/wp-content\/uploads\/2022\/01\/aliotel_logo.png","width":250,"height":80,"caption":"Aliotel H\u00f4tel \/ Restaurant"},"image":{"@id":"https:\/\/hotel-restaurant-aliotel.com\/en\/#\/schema\/logo\/image\/"},"sameAs":["https:\/\/www.facebook.com\/aliotel.hotel.aire.sur.adour\/"]}]}},"_links":{"self":[{"href":"https:\/\/hotel-restaurant-aliotel.com\/en\/wp-json\/wp\/v2\/pages\/3103","targetHints":{"allow":["GET"]}}],"collection":[{"href":"https:\/\/hotel-restaurant-aliotel.com\/en\/wp-json\/wp\/v2\/pages"}],"about":[{"href":"https:\/\/hotel-restaurant-aliotel.com\/en\/wp-json\/wp\/v2\/types\/page"}],"author":[{"embeddable":true,"href":"https:\/\/hotel-restaurant-aliotel.com\/en\/wp-json\/wp\/v2\/users\/1"}],"replies":[{"embeddable":true,"href":"https:\/\/hotel-restaurant-aliotel.com\/en\/wp-json\/wp\/v2\/comments?post=3103"}],"version-history":[{"count":2,"href":"https:\/\/hotel-restaurant-aliotel.com\/en\/wp-json\/wp\/v2\/pages\/3103\/revisions"}],"predecessor-version":[{"id":3105,"href":"https:\/\/hotel-restaurant-aliotel.com\/en\/wp-json\/wp\/v2\/pages\/3103\/revisions\/3105"}],"wp:attachment":[{"href":"https:\/\/hotel-restaurant-aliotel.com\/en\/wp-json\/wp\/v2\/media?parent=3103"}],"curies":[{"name":"wp","href":"https:\/\/api.w.org\/{rel}","templated":true}]}}